{"id":16132,"date":"2024-02-02T02:27:13","date_gmt":"2024-02-02T02:27:13","guid":{"rendered":"https:\/\/ferrocentroaguilar.pe\/?post_type=product&#038;p=16132"},"modified":"2024-02-02T02:27:17","modified_gmt":"2024-02-02T02:27:17","slug":"cano-jardin-bronce-fv-2-2-2-2-2-2-2-2-2-2-2-2-2-2-2-2-2-2-2-2-2-2-2-2-2-2-2-2-2-2-2-2-2-2-3-2-2-2","status":"publish","type":"product","link":"https:\/\/ferrocentroaguilar.pe\/en\/product\/cano-jardin-bronce-fv-2-2-2-2-2-2-2-2-2-2-2-2-2-2-2-2-2-2-2-2-2-2-2-2-2-2-2-2-2-2-2-2-2-2-3-2-2-2\/","title":{"rendered":"DESAGUE CANASTILLA METAL 2 1 2"},"content":{"rendered":"","protected":false},"excerpt":{"rendered":"<div class=\"inner marB30\">\n<p>Disponibilidad: En Stock<\/p>\n<p>Marca: VAE ITALY<\/p>\n<p>Empaque: UNIDAD<\/p>\n<\/div>\n<div class=\"row\">\n<div class=\"col-md-12 form-group\">\n<p><i>La Ficha T\u00e9cnica ser\u00e1 enviada apenas solicite la cotizaci\u00f3n, gracias.<\/i><\/p>\n<\/div>\n<\/div>","protected":false},"featured_media":16133,"comment_status":"open","ping_status":"closed","template":"","meta":{"_joinchat":[]},"product_brand":[],"product_cat":[85,72],"product_tag":[],"class_list":{"0":"post-16132","1":"product","2":"type-product","3":"status-publish","4":"has-post-thumbnail","6":"product_cat-desague","7":"product_cat-griferia","9":"first","10":"instock","11":"shipping-taxable","12":"product-type-simple"},"_links":{"self":[{"href":"https:\/\/ferrocentroaguilar.pe\/en\/wp-json\/wp\/v2\/product\/16132","targetHints":{"allow":["GET"]}}],"collection":[{"href":"https:\/\/ferrocentroaguilar.pe\/en\/wp-json\/wp\/v2\/product"}],"about":[{"href":"https:\/\/ferrocentroaguilar.pe\/en\/wp-json\/wp\/v2\/types\/product"}],"replies":[{"embeddable":true,"href":"https:\/\/ferrocentroaguilar.pe\/en\/wp-json\/wp\/v2\/comments?post=16132"}],"version-history":[{"count":1,"href":"https:\/\/ferrocentroaguilar.pe\/en\/wp-json\/wp\/v2\/product\/16132\/revisions"}],"predecessor-version":[{"id":16134,"href":"https:\/\/ferrocentroaguilar.pe\/en\/wp-json\/wp\/v2\/product\/16132\/revisions\/16134"}],"wp:featuredmedia":[{"embeddable":true,"href":"https:\/\/ferrocentroaguilar.pe\/en\/wp-json\/wp\/v2\/media\/16133"}],"wp:attachment":[{"href":"https:\/\/ferrocentroaguilar.pe\/en\/wp-json\/wp\/v2\/media?parent=16132"}],"wp:term":[{"taxonomy":"product_brand","embeddable":true,"href":"https:\/\/ferrocentroaguilar.pe\/en\/wp-json\/wp\/v2\/product_brand?post=16132"},{"taxonomy":"product_cat","embeddable":true,"href":"https:\/\/ferrocentroaguilar.pe\/en\/wp-json\/wp\/v2\/product_cat?post=16132"},{"taxonomy":"product_tag","embeddable":true,"href":"https:\/\/ferrocentroaguilar.pe\/en\/wp-json\/wp\/v2\/product_tag?post=16132"}],"curies":[{"name":"wp","href":"https:\/\/api.w.org\/{rel}","templated":true}]}}