{"id":16111,"date":"2024-02-01T23:39:44","date_gmt":"2024-02-01T23:39:44","guid":{"rendered":"https:\/\/ferrocentroaguilar.pe\/?post_type=product&#038;p=16111"},"modified":"2024-02-01T23:39:51","modified_gmt":"2024-02-01T23:39:51","slug":"cano-jardin-bronce-fv-2-2-2-2-2-2-2-2-2-2-2-2-2-2-2-2-2-2-2-2-2-2-2-2-2-2-2-2-2-2-2-2","status":"publish","type":"product","link":"https:\/\/ferrocentroaguilar.pe\/en\/product\/cano-jardin-bronce-fv-2-2-2-2-2-2-2-2-2-2-2-2-2-2-2-2-2-2-2-2-2-2-2-2-2-2-2-2-2-2-2-2\/","title":{"rendered":"BRAZO DE DUCHA CROMADA PS"},"content":{"rendered":"","protected":false},"excerpt":{"rendered":"<div class=\"inner marB30\">\n<p>Disponibilidad: En Stock<\/p>\n<p>Marca: VAE ITALY<\/p>\n<p>Empaque: UNIDAD<\/p>\n<\/div>\n<div class=\"row\">\n<div class=\"col-md-12 form-group\">\n<p><i>La Ficha T\u00e9cnica ser\u00e1 enviada apenas solicite la cotizaci\u00f3n, gracias.<\/i><\/p>\n<\/div>\n<\/div>","protected":false},"featured_media":16112,"comment_status":"open","ping_status":"closed","template":"","meta":{"_joinchat":[]},"product_brand":[],"product_cat":[82,72],"product_tag":[],"class_list":{"0":"post-16111","1":"product","2":"type-product","3":"status-publish","4":"has-post-thumbnail","6":"product_cat-brazos-para-ducha","7":"product_cat-griferia","9":"first","10":"instock","11":"shipping-taxable","12":"product-type-simple"},"_links":{"self":[{"href":"https:\/\/ferrocentroaguilar.pe\/en\/wp-json\/wp\/v2\/product\/16111","targetHints":{"allow":["GET"]}}],"collection":[{"href":"https:\/\/ferrocentroaguilar.pe\/en\/wp-json\/wp\/v2\/product"}],"about":[{"href":"https:\/\/ferrocentroaguilar.pe\/en\/wp-json\/wp\/v2\/types\/product"}],"replies":[{"embeddable":true,"href":"https:\/\/ferrocentroaguilar.pe\/en\/wp-json\/wp\/v2\/comments?post=16111"}],"version-history":[{"count":1,"href":"https:\/\/ferrocentroaguilar.pe\/en\/wp-json\/wp\/v2\/product\/16111\/revisions"}],"predecessor-version":[{"id":16113,"href":"https:\/\/ferrocentroaguilar.pe\/en\/wp-json\/wp\/v2\/product\/16111\/revisions\/16113"}],"wp:featuredmedia":[{"embeddable":true,"href":"https:\/\/ferrocentroaguilar.pe\/en\/wp-json\/wp\/v2\/media\/16112"}],"wp:attachment":[{"href":"https:\/\/ferrocentroaguilar.pe\/en\/wp-json\/wp\/v2\/media?parent=16111"}],"wp:term":[{"taxonomy":"product_brand","embeddable":true,"href":"https:\/\/ferrocentroaguilar.pe\/en\/wp-json\/wp\/v2\/product_brand?post=16111"},{"taxonomy":"product_cat","embeddable":true,"href":"https:\/\/ferrocentroaguilar.pe\/en\/wp-json\/wp\/v2\/product_cat?post=16111"},{"taxonomy":"product_tag","embeddable":true,"href":"https:\/\/ferrocentroaguilar.pe\/en\/wp-json\/wp\/v2\/product_tag?post=16111"}],"curies":[{"name":"wp","href":"https:\/\/api.w.org\/{rel}","templated":true}]}}