{"id":15962,"date":"2024-02-01T17:07:48","date_gmt":"2024-02-01T17:07:48","guid":{"rendered":"https:\/\/ferrocentroaguilar.pe\/?post_type=product&#038;p=15962"},"modified":"2024-02-01T17:07:48","modified_gmt":"2024-02-01T17:07:48","slug":"valvula-mariposa-ranurada-sin-cable","status":"publish","type":"product","link":"https:\/\/ferrocentroaguilar.pe\/en\/product\/valvula-mariposa-ranurada-sin-cable\/","title":{"rendered":"VALVULA MARIPOSA RANURADA SIN CABLE"},"content":{"rendered":"","protected":false},"excerpt":{"rendered":"<div class=\"inner marB30\">\n<p>Disponibilidad: En Stock<\/p>\n<p>Marca: VAE ITALY<\/p>\n<p>Empaque:<\/p>\n<p>Medida: 2&#8243;, 2 1\/2&#8243;, 3&#8243;, 4&#8243;<\/p>\n<p>Presi\u00f3n: PN16<\/p>\n<\/div>\n<div class=\"row\">\n<div class=\"col-md-12 form-group\">\n<p><i>La Ficha T\u00e9cnica ser\u00e1 enviada apenas solicite la cotizaci\u00f3n, gracias.<\/i><\/p>\n<\/div>\n<\/div>","protected":false},"featured_media":15844,"comment_status":"open","ping_status":"closed","template":"","meta":{"_joinchat":[]},"product_brand":[],"product_cat":[73,89],"product_tag":[],"class_list":{"0":"post-15962","1":"product","2":"type-product","3":"status-publish","4":"has-post-thumbnail","6":"product_cat-agua-y-saneamiento","7":"product_cat-valvulas","9":"first","10":"instock","11":"shipping-taxable","12":"product-type-simple"},"_links":{"self":[{"href":"https:\/\/ferrocentroaguilar.pe\/en\/wp-json\/wp\/v2\/product\/15962","targetHints":{"allow":["GET"]}}],"collection":[{"href":"https:\/\/ferrocentroaguilar.pe\/en\/wp-json\/wp\/v2\/product"}],"about":[{"href":"https:\/\/ferrocentroaguilar.pe\/en\/wp-json\/wp\/v2\/types\/product"}],"replies":[{"embeddable":true,"href":"https:\/\/ferrocentroaguilar.pe\/en\/wp-json\/wp\/v2\/comments?post=15962"}],"version-history":[{"count":1,"href":"https:\/\/ferrocentroaguilar.pe\/en\/wp-json\/wp\/v2\/product\/15962\/revisions"}],"predecessor-version":[{"id":15963,"href":"https:\/\/ferrocentroaguilar.pe\/en\/wp-json\/wp\/v2\/product\/15962\/revisions\/15963"}],"wp:featuredmedia":[{"embeddable":true,"href":"https:\/\/ferrocentroaguilar.pe\/en\/wp-json\/wp\/v2\/media\/15844"}],"wp:attachment":[{"href":"https:\/\/ferrocentroaguilar.pe\/en\/wp-json\/wp\/v2\/media?parent=15962"}],"wp:term":[{"taxonomy":"product_brand","embeddable":true,"href":"https:\/\/ferrocentroaguilar.pe\/en\/wp-json\/wp\/v2\/product_brand?post=15962"},{"taxonomy":"product_cat","embeddable":true,"href":"https:\/\/ferrocentroaguilar.pe\/en\/wp-json\/wp\/v2\/product_cat?post=15962"},{"taxonomy":"product_tag","embeddable":true,"href":"https:\/\/ferrocentroaguilar.pe\/en\/wp-json\/wp\/v2\/product_tag?post=15962"}],"curies":[{"name":"wp","href":"https:\/\/api.w.org\/{rel}","templated":true}]}}