{"id":15840,"date":"2024-02-01T01:01:19","date_gmt":"2024-02-01T01:01:19","guid":{"rendered":"https:\/\/ferrocentroaguilar.pe\/?post_type=product&#038;p=15840"},"modified":"2025-03-15T23:28:47","modified_gmt":"2025-03-15T23:28:47","slug":"cano-jardin-bronce-fv","status":"publish","type":"product","link":"https:\/\/ferrocentroaguilar.pe\/en\/product\/cano-jardin-bronce-fv\/","title":{"rendered":"CA\u00d1O JARDIN BRONCE FV"},"content":{"rendered":"","protected":false},"excerpt":{"rendered":"<div class=\"inner marB30\">\n<p>Disponibilidad: En Stock<\/p>\n<p>Marca: VAE ITALY<\/p>\n<p>Empaque: UNIDAD<\/p>\n<\/div>\n<div class=\"row\">\n<div class=\"col-md-12 form-group\">\n<p><i>La Ficha T\u00e9cnica ser\u00e1 enviada apenas solicite la cotizaci\u00f3n, gracias.<\/i><\/p>\n<\/div>\n<\/div>","protected":false},"featured_media":15844,"comment_status":"open","ping_status":"closed","template":"","meta":{"_joinchat":[]},"product_brand":[],"product_cat":[79,72],"product_tag":[],"class_list":{"0":"post-15840","1":"product","2":"type-product","3":"status-publish","4":"has-post-thumbnail","6":"product_cat-canos","7":"product_cat-griferia","9":"first","10":"instock","11":"shipping-taxable","12":"product-type-simple"},"_links":{"self":[{"href":"https:\/\/ferrocentroaguilar.pe\/en\/wp-json\/wp\/v2\/product\/15840","targetHints":{"allow":["GET"]}}],"collection":[{"href":"https:\/\/ferrocentroaguilar.pe\/en\/wp-json\/wp\/v2\/product"}],"about":[{"href":"https:\/\/ferrocentroaguilar.pe\/en\/wp-json\/wp\/v2\/types\/product"}],"replies":[{"embeddable":true,"href":"https:\/\/ferrocentroaguilar.pe\/en\/wp-json\/wp\/v2\/comments?post=15840"}],"version-history":[{"count":2,"href":"https:\/\/ferrocentroaguilar.pe\/en\/wp-json\/wp\/v2\/product\/15840\/revisions"}],"predecessor-version":[{"id":15843,"href":"https:\/\/ferrocentroaguilar.pe\/en\/wp-json\/wp\/v2\/product\/15840\/revisions\/15843"}],"wp:featuredmedia":[{"embeddable":true,"href":"https:\/\/ferrocentroaguilar.pe\/en\/wp-json\/wp\/v2\/media\/15844"}],"wp:attachment":[{"href":"https:\/\/ferrocentroaguilar.pe\/en\/wp-json\/wp\/v2\/media?parent=15840"}],"wp:term":[{"taxonomy":"product_brand","embeddable":true,"href":"https:\/\/ferrocentroaguilar.pe\/en\/wp-json\/wp\/v2\/product_brand?post=15840"},{"taxonomy":"product_cat","embeddable":true,"href":"https:\/\/ferrocentroaguilar.pe\/en\/wp-json\/wp\/v2\/product_cat?post=15840"},{"taxonomy":"product_tag","embeddable":true,"href":"https:\/\/ferrocentroaguilar.pe\/en\/wp-json\/wp\/v2\/product_tag?post=15840"}],"curies":[{"name":"wp","href":"https:\/\/api.w.org\/{rel}","templated":true}]}}