{"id":4400,"date":"2021-10-12T15:51:09","date_gmt":"2021-10-12T15:51:09","guid":{"rendered":"http:\/\/dummy.xtemos.com\/woodmart2\/elementor\/?page_id=4400"},"modified":"2024-02-01T07:02:26","modified_gmt":"2024-02-01T07:02:26","slug":"nosotros","status":"publish","type":"page","link":"https:\/\/ferrocentroaguilar.pe\/en\/nosotros\/","title":{"rendered":"Nosotros"},"content":{"rendered":"<div data-elementor-type=\"wp-page\" data-elementor-id=\"4400\" class=\"elementor elementor-4400\">\n\t\t\t\t<div class=\"elementor-element elementor-element-7c7c544 e-flex e-con-boxed e-con e-parent\" data-id=\"7c7c544\" data-element_type=\"container\" data-e-type=\"container\">\n\t\t\t\t\t<div class=\"e-con-inner\">\n\t\t<div class=\"elementor-element elementor-element-e7cb5cd e-con-full e-flex e-con e-child\" data-id=\"e7cb5cd\" data-element_type=\"container\" data-e-type=\"container\">\n\t\t\t\t<div class=\"elementor-element elementor-element-7a184c9 elementor-widget elementor-widget-video\" data-id=\"7a184c9\" data-element_type=\"widget\" data-e-type=\"widget\" data-settings=\"{&quot;youtube_url&quot;:&quot;https:\\\/\\\/www.youtube.com\\\/watch?v=gBlKiNwxdjE&quot;,&quot;autoplay&quot;:&quot;yes&quot;,&quot;video_type&quot;:&quot;youtube&quot;,&quot;controls&quot;:&quot;yes&quot;}\" data-widget_type=\"video.default\">\n\t\t\t\t<div class=\"elementor-widget-container\">\n\t\t\t\t\t\t\t<div class=\"elementor-wrapper elementor-open-inline\">\n\t\t\t<div class=\"elementor-video\"><\/div>\t\t<\/div>\n\t\t\t\t\t\t<\/div>\n\t\t\t\t<\/div>\n\t\t\t\t<\/div>\n\t\t<div class=\"elementor-element elementor-element-97d6084 e-con-full e-flex e-con e-child\" data-id=\"97d6084\" data-element_type=\"container\" data-e-type=\"container\">\n\t\t\t\t<div class=\"elementor-element elementor-element-98d830b elementor-widget__width-initial wd-width-100 elementor-widget elementor-widget-wd_title\" data-id=\"98d830b\" data-element_type=\"widget\" data-e-type=\"widget\" data-widget_type=\"wd_title.default\">\n\t\t\t\t<div class=\"elementor-widget-container\">\n\t\t\t\t\t\t\t<div class=\"title-wrapper set-mb-s reset-last-child wd-title-color-primary wd-title-style-default wd-title-size-large text-left\">\n\n\t\t\t\t\t\t\t<div class=\"title-subtitle subtitle-color-primary subtitle-style-default wd-fontsize-xs\">\n\t\t\t\t\tFERROCENTRO AGUILAR\t\t\t\t<\/div>\n\t\t\t\n\t\t\t<div class=\"liner-continer\">\n\t\t\t\t<h4 class=\"woodmart-title-container title wd-fontsize-xxl\">SOBRE NOSOTROS<\/h4> \n\t\t\t\t\t\t\t<\/div>\n\n\t\t\t\t\t\t\t<div class=\"title-after_title set-cont-mb-s reset-last-child wd-fontsize-s\">\n\t\t\t\t\t<em>Somos Ferrocentro Aguilar SCRLTDA importador y distribuidor<\/em>\t\t\t\t<\/div>\n\t\t\t\t\t<\/div>\n\t\t\t\t\t\t<\/div>\n\t\t\t\t<\/div>\n\t\t\t\t<div class=\"elementor-element elementor-element-66e47ad elementor-widget elementor-widget-wd_text_block\" data-id=\"66e47ad\" data-element_type=\"widget\" data-e-type=\"widget\" data-widget_type=\"wd_text_block.default\">\n\t\t\t\t<div class=\"elementor-widget-container\">\n\t\t\t\t\t\t\t<div class=\"wd-text-block reset-last-child text-left\">\n\t\t\t\n\t\t\t<p>L\u00edder en el rubro de V\u00e1lvulas, grifer\u00edas, conexiones para el uso dom\u00e9stico e institucional, accesorios para la l\u00ednea Minera y Saneamiento bajo nuestra marca VAE ITALY.<\/p><p>Contamos con m\u00e1s de\u00a0<strong>26 a\u00f1os<\/strong>\u00a0de experiencia en el mercado y hemos sabido mantener nuestra posici\u00f3n de liderazgo, gracias a nuestros productos funcionales e innovadores de gran calidad y sobre todo a un precio accesible al mercado, los cuales han hecho que nuestra empresa sea l\u00edder en el rubro.<\/p><p>Brindamos la mejor calidad, garant\u00eda, puntualidad y precios m\u00e1s competitivos en el mercado.<\/p>\n\t\t\t\t\t<\/div>\n\t\t\t\t\t\t<\/div>\n\t\t\t\t<\/div>\n\t\t\t\t<\/div>\n\t\t\t\t\t<\/div>\n\t\t\t\t<\/div>\n\t\t<div class=\"elementor-element elementor-element-baa00fb e-con-full e-flex e-con e-parent\" data-id=\"baa00fb\" data-element_type=\"container\" data-e-type=\"container\">\n\t\t<div class=\"elementor-element elementor-element-21a951d e-con-full e-flex e-con e-child\" data-id=\"21a951d\" data-element_type=\"container\" data-e-type=\"container\">\n\t\t\t\t<div class=\"elementor-element elementor-element-db83236 color-scheme-inherit text-left elementor-widget elementor-widget-text-editor\" data-id=\"db83236\" data-element_type=\"widget\" data-e-type=\"widget\" data-widget_type=\"text-editor.default\">\n\t\t\t\t<div class=\"elementor-widget-container\">\n\t\t\t\t\t\t\t\t\t<div class=\"left-title\"><h2>MISI\u00d3N<\/h2><\/div><p>Nuestro trabajo est\u00e1 orientado a satisfacer los requerimientos y necesidades de nuestros clientes, brindando productos de calidad acompa\u00f1ado de un servicio eficiente antes, durante y despu\u00e9s de la venta para as\u00ed poder lograr fidelizar a nuestros clientes, manteniendo relaciones duraderas. Realizamos nuestro trabajo mediante estrategias diferenciadoras y a trav\u00e9s de una mejora continua e innovaci\u00f3n en proceso operativo y administrativo, buscamos seguir liderando en el rubro.<\/p>\t\t\t\t\t\t\t\t<\/div>\n\t\t\t\t<\/div>\n\t\t\t\t<\/div>\n\t\t<div class=\"elementor-element elementor-element-d5fe609 e-con-full e-flex e-con e-child\" data-id=\"d5fe609\" data-element_type=\"container\" data-e-type=\"container\">\n\t\t\t\t<div class=\"elementor-element elementor-element-9fc4534 color-scheme-inherit text-left elementor-widget elementor-widget-text-editor\" data-id=\"9fc4534\" data-element_type=\"widget\" data-e-type=\"widget\" data-widget_type=\"text-editor.default\">\n\t\t\t\t<div class=\"elementor-widget-container\">\n\t\t\t\t\t\t\t\t\t<div class=\"left-title\"><h2>VISI\u00d3N<\/h2><\/div><p>Liderar en el Sector Ferretero a nivel nacional, mediante estrategias diferenciadoras, basadas en el servicio, precio y calidad de nuestros productos. Para de esta forma satisfacer las necesidad y expectativas de nuestros futuros clientes.<\/p>\t\t\t\t\t\t\t\t<\/div>\n\t\t\t\t<\/div>\n\t\t\t\t<\/div>\n\t\t<div class=\"elementor-element elementor-element-0c983ed e-con-full e-flex e-con e-child\" data-id=\"0c983ed\" data-element_type=\"container\" data-e-type=\"container\">\n\t\t\t\t<div class=\"elementor-element elementor-element-62aaf9f color-scheme-inherit text-left elementor-widget elementor-widget-text-editor\" data-id=\"62aaf9f\" data-element_type=\"widget\" data-e-type=\"widget\" data-widget_type=\"text-editor.default\">\n\t\t\t\t<div class=\"elementor-widget-container\">\n\t\t\t\t\t\t\t\t\t<div class=\"left-title\"><h2>VALORES<\/h2><\/div><ul class=\"list-custom\"><li>Puntualidad<\/li><li>Honestidad<\/li><li>\u00c9tica<\/li><li>Responsabilidad<\/li><li>Compromis<\/li><\/ul>\t\t\t\t\t\t\t\t<\/div>\n\t\t\t\t<\/div>\n\t\t\t\t<\/div>\n\t\t\t\t<\/div>\n\t\t<div class=\"elementor-element elementor-element-4d440f7 e-flex e-con-boxed e-con e-parent\" data-id=\"4d440f7\" data-element_type=\"container\" data-e-type=\"container\">\n\t\t\t\t\t<div class=\"e-con-inner\">\n\t\t\t\t<div class=\"elementor-element elementor-element-088a124 elementor-widget elementor-widget-spacer\" data-id=\"088a124\" data-element_type=\"widget\" data-e-type=\"widget\" data-widget_type=\"spacer.default\">\n\t\t\t\t<div class=\"elementor-widget-container\">\n\t\t\t\t\t\t\t<div class=\"elementor-spacer\">\n\t\t\t<div class=\"elementor-spacer-inner\"><\/div>\n\t\t<\/div>\n\t\t\t\t\t\t<\/div>\n\t\t\t\t<\/div>\n\t\t\t\t\t<\/div>\n\t\t\t\t<\/div>\n\t\t<div class=\"elementor-element elementor-element-d5a9b38 e-flex e-con-boxed e-con e-parent\" data-id=\"d5a9b38\" data-element_type=\"container\" data-e-type=\"container\">\n\t\t\t\t\t<div class=\"e-con-inner\">\n\t\t\t\t<div class=\"elementor-element elementor-element-f3e7180 wd-width-100 elementor-widget elementor-widget-wd_images_gallery\" data-id=\"f3e7180\" data-element_type=\"widget\" data-e-type=\"widget\" data-widget_type=\"wd_images_gallery.default\">\n\t\t\t\t<div class=\"elementor-widget-container\">\n\t\t\t\t\t\t\t<div class=\"wd-images-gallery photoswipe-images\" style=\"--wd-align-items:center; --wd-justify-content:center;\">\n\t\t\t\t\t\t<div class=\"wd-masonry wd-grid-f-col\" style=\"--wd-col-lg:4;--wd-col-md:4;--wd-col-sm:1;--wd-gap-lg:0px;\" >\n\t\t\t\t\t\t\t\t\t\t\t\t\t\t\t\t\t\t<div class=\"wd-gallery-item wd-col\">\n\t\t\t\t\t\t\t\t\t\t\t\t\t<a  href=\"https:\/\/ferrocentroaguilar.pe\/wp-content\/uploads\/2024\/02\/424632493_880868924045017_6766164507045770309_n.jpg\"data-width=\"1600\" data-height=\"900\" data-index=\"1\" data-elementor-open-lightbox=\"no\">\n\t\t\t\t\t\t\n\t\t\t\t\t\t<img decoding=\"async\" src=\"https:\/\/ferrocentroaguilar.pe\/wp-content\/uploads\/2024\/02\/424632493_880868924045017_6766164507045770309_n.jpg\"alt=\"424632493_880868924045017_6766164507045770309_n\">\n\t\t\t\t\t\t\t\t\t\t\t\t\t<\/a>\n\t\t\t\t\t\t\t\t\t\t\t<\/div>\n\t\t\t\t\t\t\t\t\t\t\t\t\t\t\t<div class=\"wd-gallery-item wd-col\">\n\t\t\t\t\t\t\t\t\t\t\t\t\t<a  href=\"https:\/\/ferrocentroaguilar.pe\/wp-content\/uploads\/2024\/02\/421626066_876590224472887_5187460654841335691_n.jpg\"data-width=\"1600\" data-height=\"900\" data-index=\"2\" data-elementor-open-lightbox=\"no\">\n\t\t\t\t\t\t\n\t\t\t\t\t\t<img decoding=\"async\" src=\"https:\/\/ferrocentroaguilar.pe\/wp-content\/uploads\/2024\/02\/421626066_876590224472887_5187460654841335691_n.jpg\"alt=\"421626066_876590224472887_5187460654841335691_n\">\n\t\t\t\t\t\t\t\t\t\t\t\t\t<\/a>\n\t\t\t\t\t\t\t\t\t\t\t<\/div>\n\t\t\t\t\t\t\t\t\t\t\t\t\t\t\t<div class=\"wd-gallery-item wd-col\">\n\t\t\t\t\t\t\t\t\t\t\t\t\t<a  href=\"https:\/\/ferrocentroaguilar.pe\/wp-content\/uploads\/2024\/02\/415091921_857824929682750_1188806140109869690_n.jpg\"data-width=\"1879\" data-height=\"1521\" data-index=\"3\" data-elementor-open-lightbox=\"no\">\n\t\t\t\t\t\t\n\t\t\t\t\t\t<img decoding=\"async\" src=\"https:\/\/ferrocentroaguilar.pe\/wp-content\/uploads\/2024\/02\/415091921_857824929682750_1188806140109869690_n.jpg\"alt=\"415091921_857824929682750_1188806140109869690_n\">\n\t\t\t\t\t\t\t\t\t\t\t\t\t<\/a>\n\t\t\t\t\t\t\t\t\t\t\t<\/div>\n\t\t\t\t\t\t\t\t\t\t\t\t\t\t\t<div class=\"wd-gallery-item wd-col\">\n\t\t\t\t\t\t\t\t\t\t\t\t\t<a  href=\"https:\/\/ferrocentroaguilar.pe\/wp-content\/uploads\/2024\/02\/410913383_849599053838671_5915586563535867522_n.jpg\"data-width=\"1879\" data-height=\"1521\" data-index=\"4\" data-elementor-open-lightbox=\"no\">\n\t\t\t\t\t\t\n\t\t\t\t\t\t<img decoding=\"async\" src=\"https:\/\/ferrocentroaguilar.pe\/wp-content\/uploads\/2024\/02\/410913383_849599053838671_5915586563535867522_n.jpg\"alt=\"410913383_849599053838671_5915586563535867522_n\">\n\t\t\t\t\t\t\t\t\t\t\t\t\t<\/a>\n\t\t\t\t\t\t\t\t\t\t\t<\/div>\n\t\t\t\t\t\t\t\t\t\t\t\t\t\t\t<div class=\"wd-gallery-item wd-col\">\n\t\t\t\t\t\t\t\t\t\t\t\t\t<a  href=\"https:\/\/ferrocentroaguilar.pe\/wp-content\/uploads\/2024\/02\/406803689_842349957896914_2386509997959903701_n.jpg\"data-width=\"1448\" data-height=\"2048\" data-index=\"5\" data-elementor-open-lightbox=\"no\">\n\t\t\t\t\t\t\n\t\t\t\t\t\t<img decoding=\"async\" src=\"https:\/\/ferrocentroaguilar.pe\/wp-content\/uploads\/2024\/02\/406803689_842349957896914_2386509997959903701_n.jpg\"alt=\"406803689_842349957896914_2386509997959903701_n\">\n\t\t\t\t\t\t\t\t\t\t\t\t\t<\/a>\n\t\t\t\t\t\t\t\t\t\t\t<\/div>\n\t\t\t\t\t\t\t\t\t\t\t\t\t\t\t<div class=\"wd-gallery-item wd-col\">\n\t\t\t\t\t\t\t\t\t\t\t\t\t<a  href=\"https:\/\/ferrocentroaguilar.pe\/wp-content\/uploads\/2024\/02\/405411704_840269498104960_6875477031756805181_n.jpg\"data-width=\"1351\" data-height=\"1351\" data-index=\"6\" data-elementor-open-lightbox=\"no\">\n\t\t\t\t\t\t\n\t\t\t\t\t\t<img decoding=\"async\" src=\"https:\/\/ferrocentroaguilar.pe\/wp-content\/uploads\/2024\/02\/405411704_840269498104960_6875477031756805181_n.jpg\"alt=\"405411704_840269498104960_6875477031756805181_n\">\n\t\t\t\t\t\t\t\t\t\t\t\t\t<\/a>\n\t\t\t\t\t\t\t\t\t\t\t<\/div>\n\t\t\t\t\t\t\t\t\t\t\t\t\t\t\t<div class=\"wd-gallery-item wd-col\">\n\t\t\t\t\t\t\t\t\t\t\t\t\t<a  href=\"https:\/\/ferrocentroaguilar.pe\/wp-content\/uploads\/2024\/02\/377279787_788364653295445_2005683438276816005_n.jpg\"data-width=\"1879\" data-height=\"1521\" data-index=\"7\" data-elementor-open-lightbox=\"no\">\n\t\t\t\t\t\t\n\t\t\t\t\t\t<img decoding=\"async\" src=\"https:\/\/ferrocentroaguilar.pe\/wp-content\/uploads\/2024\/02\/377279787_788364653295445_2005683438276816005_n.jpg\"alt=\"377279787_788364653295445_2005683438276816005_n\">\n\t\t\t\t\t\t\t\t\t\t\t\t\t<\/a>\n\t\t\t\t\t\t\t\t\t\t\t<\/div>\n\t\t\t\t\t\t\t\t\t\t\t\t\t\t\t<div class=\"wd-gallery-item wd-col\">\n\t\t\t\t\t\t\t\t\t\t\t\t\t<a  href=\"https:\/\/ferrocentroaguilar.pe\/wp-content\/uploads\/2024\/02\/368037695_772112504920660_8537808200476584963_n.jpg\"data-width=\"1879\" data-height=\"1521\" data-index=\"8\" data-elementor-open-lightbox=\"no\">\n\t\t\t\t\t\t\n\t\t\t\t\t\t<img decoding=\"async\" src=\"https:\/\/ferrocentroaguilar.pe\/wp-content\/uploads\/2024\/02\/368037695_772112504920660_8537808200476584963_n.jpg\"alt=\"368037695_772112504920660_8537808200476584963_n\">\n\t\t\t\t\t\t\t\t\t\t\t\t\t<\/a>\n\t\t\t\t\t\t\t\t\t\t\t<\/div>\n\t\t\t\t\t\t\t\t\t\t\t\t\t\t\t<div class=\"wd-gallery-item wd-col\">\n\t\t\t\t\t\t\t\t\t\t\t\t\t<a  href=\"https:\/\/ferrocentroaguilar.pe\/wp-content\/uploads\/2024\/02\/352492633_731949772270267_3952866241698628299_n.jpg\"data-width=\"1879\" data-height=\"1521\" data-index=\"9\" data-elementor-open-lightbox=\"no\">\n\t\t\t\t\t\t\n\t\t\t\t\t\t<img decoding=\"async\" src=\"https:\/\/ferrocentroaguilar.pe\/wp-content\/uploads\/2024\/02\/352492633_731949772270267_3952866241698628299_n.jpg\"alt=\"352492633_731949772270267_3952866241698628299_n\">\n\t\t\t\t\t\t\t\t\t\t\t\t\t<\/a>\n\t\t\t\t\t\t\t\t\t\t\t<\/div>\n\t\t\t\t\t\t\t\t\t\t\t\t\t\t\t<div class=\"wd-gallery-item wd-col\">\n\t\t\t\t\t\t\t\t\t\t\t\t\t<a  href=\"https:\/\/ferrocentroaguilar.pe\/wp-content\/uploads\/2024\/02\/346956714_1275013246423434_8363609537727628891_n.jpg\"data-width=\"1879\" data-height=\"1521\" data-index=\"10\" data-elementor-open-lightbox=\"no\">\n\t\t\t\t\t\t\n\t\t\t\t\t\t<img decoding=\"async\" src=\"https:\/\/ferrocentroaguilar.pe\/wp-content\/uploads\/2024\/02\/346956714_1275013246423434_8363609537727628891_n.jpg\"alt=\"346956714_1275013246423434_8363609537727628891_n\">\n\t\t\t\t\t\t\t\t\t\t\t\t\t<\/a>\n\t\t\t\t\t\t\t\t\t\t\t<\/div>\n\t\t\t\t\t\t\t\t\t\t\t\t\t\t\t<div class=\"wd-gallery-item wd-col\">\n\t\t\t\t\t\t\t\t\t\t\t\t\t<a  href=\"https:\/\/ferrocentroaguilar.pe\/wp-content\/uploads\/2024\/02\/341078086_647012563928636_2421712131394773145_n-1.jpg\"data-width=\"960\" data-height=\"778\" data-index=\"11\" data-elementor-open-lightbox=\"no\">\n\t\t\t\t\t\t\n\t\t\t\t\t\t<img decoding=\"async\" src=\"https:\/\/ferrocentroaguilar.pe\/wp-content\/uploads\/2024\/02\/341078086_647012563928636_2421712131394773145_n-1.jpg\"alt=\"341078086_647012563928636_2421712131394773145_n\">\n\t\t\t\t\t\t\t\t\t\t\t\t\t<\/a>\n\t\t\t\t\t\t\t\t\t\t\t<\/div>\n\t\t\t\t\t\t\t\t\t\t\t\t\t\t\t<div class=\"wd-gallery-item wd-col\">\n\t\t\t\t\t\t\t\t\t\t\t\t\t<a  href=\"https:\/\/ferrocentroaguilar.pe\/wp-content\/uploads\/2024\/02\/317080317_576825634449349_4398027730555164736_n.jpg\"data-width=\"1080\" data-height=\"1080\" data-index=\"12\" data-elementor-open-lightbox=\"no\">\n\t\t\t\t\t\t\n\t\t\t\t\t\t<img decoding=\"async\" src=\"https:\/\/ferrocentroaguilar.pe\/wp-content\/uploads\/2024\/02\/317080317_576825634449349_4398027730555164736_n.jpg\"alt=\"317080317_576825634449349_4398027730555164736_n\">\n\t\t\t\t\t\t\t\t\t\t\t\t\t<\/a>\n\t\t\t\t\t\t\t\t\t\t\t<\/div>\n\t\t\t\t\t\t\t\t\t\t\t\t\t\t\t<div class=\"wd-gallery-item wd-col\">\n\t\t\t\t\t\t\t\t\t\t\t\t\t<a  href=\"https:\/\/ferrocentroaguilar.pe\/wp-content\/uploads\/2024\/02\/316943443_576825667782679_9050926030895711624_n.jpg\"data-width=\"1080\" data-height=\"1080\" data-index=\"13\" data-elementor-open-lightbox=\"no\">\n\t\t\t\t\t\t\n\t\t\t\t\t\t<img decoding=\"async\" src=\"https:\/\/ferrocentroaguilar.pe\/wp-content\/uploads\/2024\/02\/316943443_576825667782679_9050926030895711624_n.jpg\"alt=\"316943443_576825667782679_9050926030895711624_n\">\n\t\t\t\t\t\t\t\t\t\t\t\t\t<\/a>\n\t\t\t\t\t\t\t\t\t\t\t<\/div>\n\t\t\t\t\t\t\t\t\t\t\t\t\t\t\t<div class=\"wd-gallery-item wd-col\">\n\t\t\t\t\t\t\t\t\t\t\t\t\t<a  href=\"https:\/\/ferrocentroaguilar.pe\/wp-content\/uploads\/2024\/02\/316937466_576825731116006_1400325574360338995_n.jpg\"data-width=\"1080\" data-height=\"1080\" data-index=\"14\" data-elementor-open-lightbox=\"no\">\n\t\t\t\t\t\t\n\t\t\t\t\t\t<img decoding=\"async\" src=\"https:\/\/ferrocentroaguilar.pe\/wp-content\/uploads\/2024\/02\/316937466_576825731116006_1400325574360338995_n.jpg\"alt=\"316937466_576825731116006_1400325574360338995_n\">\n\t\t\t\t\t\t\t\t\t\t\t\t\t<\/a>\n\t\t\t\t\t\t\t\t\t\t\t<\/div>\n\t\t\t\t\t\t\t\t\t\t\t\t\t<\/div>\n\t\t\t\t\t<\/div>\n\t\t\t\t\t\t<\/div>\n\t\t\t\t<\/div>\n\t\t\t\t\t<\/div>\n\t\t\t\t<\/div>\n\t\t\t\t<\/div>","protected":false},"excerpt":{"rendered":"<p>FERROCENTRO AGUILAR SOBRE NOSOTROS Somos Ferrocentro Aguilar SCRLTDA importador y distribuidor L\u00edder en el rubro de V\u00e1lvulas, grifer\u00edas, conexiones para<\/p>","protected":false},"author":1,"featured_media":0,"parent":0,"menu_order":0,"comment_status":"closed","ping_status":"closed","template":"","meta":{"_joinchat":[],"footnotes":""},"class_list":["post-4400","page","type-page","status-publish","hentry"],"_links":{"self":[{"href":"https:\/\/ferrocentroaguilar.pe\/en\/wp-json\/wp\/v2\/pages\/4400","targetHints":{"allow":["GET"]}}],"collection":[{"href":"https:\/\/ferrocentroaguilar.pe\/en\/wp-json\/wp\/v2\/pages"}],"about":[{"href":"https:\/\/ferrocentroaguilar.pe\/en\/wp-json\/wp\/v2\/types\/page"}],"author":[{"embeddable":true,"href":"https:\/\/ferrocentroaguilar.pe\/en\/wp-json\/wp\/v2\/users\/1"}],"replies":[{"embeddable":true,"href":"https:\/\/ferrocentroaguilar.pe\/en\/wp-json\/wp\/v2\/comments?post=4400"}],"version-history":[{"count":34,"href":"https:\/\/ferrocentroaguilar.pe\/en\/wp-json\/wp\/v2\/pages\/4400\/revisions"}],"predecessor-version":[{"id":15888,"href":"https:\/\/ferrocentroaguilar.pe\/en\/wp-json\/wp\/v2\/pages\/4400\/revisions\/15888"}],"wp:attachment":[{"href":"https:\/\/ferrocentroaguilar.pe\/en\/wp-json\/wp\/v2\/media?parent=4400"}],"curies":[{"name":"wp","href":"https:\/\/api.w.org\/{rel}","templated":true}]}}